{"id":106,"date":"2022-04-11T09:50:46","date_gmt":"2022-04-11T07:50:46","guid":{"rendered":"https:\/\/flinger.org\/?page_id=106"},"modified":"2022-04-11T09:51:56","modified_gmt":"2022-04-11T07:51:56","slug":"rules","status":"publish","type":"page","link":"https:\/\/flinger.org\/de\/rules\/","title":{"rendered":"Regeln"},"content":{"rendered":"<p><a href=\"https:\/\/flinger.org\/de\">Flinger<\/a> erm\u00f6glicht Ihnen <a href=\"https:\/\/flinger.org\/de\/sex-chatrooms\/\">Chat<\/a> mit unserem Zufalls-Chat-Tool, kostenlos und ohne Anmeldung. Unser Ziel ist es, ein \u00e4hnlicher Service wie Omegle zu sein, bei dem Sie Spa\u00df haben und Ihre Zeit genie\u00dfen k\u00f6nnen. Die Einhaltung der Regeln und Vorschriften f\u00fcr unseren Video-Chat ist sehr wichtig.<\/p>\n<h3>Alle folgenden Aktivit\u00e4ten sind auf Flinger verboten.<\/h3>\n<ul>\n<li>Verwendung von Flinger unter 18 Jahren.<\/li>\n<li>Verbreitung von Vulgarit\u00e4t, Sexualit\u00e4t oder depressiven Kommentaren.<\/li>\n<li>Herabw\u00fcrdigung einer anderen Person aufgrund ihrer Religion, Rasse, ihres Geschlechts, ihrer sexuellen Orientierung oder ihres Alters.<\/li>\n<li>Bel\u00e4stigung oder respektloses Verhalten gegen\u00fcber anderen Nutzern.<\/li>\n<li>Es ist verboten, die nackte Brust zu zeigen, ohne dass ein Gesicht auf dem Bildschirm zu sehen ist.<\/li>\n<li>Video-Chat ganz nackt oder in Unterw\u00e4sche.<\/li>\n<li>Aufforderung oder Erzwingung von virtuellem Sex.<\/li>\n<li>Zeigen Sie vor der Kamera Ihr Geschlechtsteil.<\/li>\n<li>Ber\u00fchren Sie Ihren Intimbereich und zeigen Sie ihn vor der Kamera.<\/li>\n<li>Fokussieren Sie die Kamera unterhalb Ihrer Brust.<\/li>\n<li>Anzeige einer Textnachricht auf dem Videobildschirm, um die Benutzer zu leiten.<\/li>\n<li>Anzeige eines Bildes auf dem Videobildschirm, um die Benutzer zu leiten.<\/li>\n<li>Anzeige Ihres Computerbildschirms f\u00fcr direkte Benutzer.<\/li>\n<li>Verwendung eines Webcam-Emulators zur Benutzerf\u00fchrung.<\/li>\n<li>Anzeige von Video-\/Bild-\/Textanzeigen.<\/li>\n<li>Aufforderung an Flinger-Nutzer, f\u00fcr eine URL abzustimmen oder f\u00fcr Ihre Produkte zu werben.<\/li>\n<li>Nutzung der Website zur F\u00f6rderung oder Erleichterung von Menschenhandel, Sexhandel, k\u00f6rperlichem Missbrauch oder Prostitution.<\/li>\n<\/ul>\n<h4>Beanstandungen<\/h4>\n<p>Sie k\u00f6nnen gegen jeden auf Flinger eine Beschwerde einreichen, wenn Sie glauben, dass er gegen unsere Regeln verst\u00f6\u00dft. Wenn Sie Ihrer Beschwerde einen Screenshot beif\u00fcgen, k\u00f6nnen wir leichter und schneller Ma\u00dfnahmen ergreifen. Wir werden schnell gegen solche Benutzer vorgehen.<\/p>\n<p>Wenn es viele Beschwerden gegen einen bestimmten Benutzer gibt, wird unser System diesen Benutzer vom Zugang zur Flinger-Website ausschlie\u00dfen.<\/p>\n<p>Wir ber\u00fccksichtigen viele Fakten, bevor wir jemanden vom Zugang zu Flinger.com ausschlie\u00dfen. Flinger hat nicht die alleinige Verantwortung f\u00fcr die Kontrolle von Spam und anderen vulg\u00e4ren Aktivit\u00e4ten. Wir bitten auch Sie als Benutzer um Ihre Mitarbeit. Ohne Ihre Unterst\u00fctzung k\u00f6nnen wir keine Verletzer von Flinger entfernen. Wir versprechen, diesen Cam-to-Cam-Chat-Service mit Ihrer Unterst\u00fctzung noch angenehmer und unterhaltsamer zu gestalten.<\/p>","protected":false},"excerpt":{"rendered":"<p>Flinger erm\u00f6glicht es Ihnen, mit unserem Zufalls-Chat-Tool zu chatten, kostenlos und ohne Registrierung. Unsere Mission ist es, ein \u00e4hnlicher Service wie Omegle zu sein, wo Sie Spa\u00df haben und Ihre Zeit genie\u00dfen k\u00f6nnen. Es ist sehr wichtig, die Regeln und Vorschriften f\u00fcr unseren Video-Chat zu respektieren. Alle der folgenden Aktivit\u00e4ten sind auf [...]<\/p>","protected":false},"author":1,"featured_media":0,"parent":0,"menu_order":0,"comment_status":"closed","ping_status":"closed","template":"","meta":{"footnotes":""},"class_list":["post-106","page","type-page","status-publish","hentry"],"yoast_head":"<!-- This site is optimized with the Yoast SEO plugin v25.8 - https:\/\/yoast.com\/wordpress\/plugins\/seo\/ -->\n<title>Rules - Flinger<\/title>\n<meta name=\"robots\" content=\"index, follow, max-snippet:-1, max-image-preview:large, max-video-preview:-1\" \/>\n<link rel=\"canonical\" href=\"https:\/\/flinger.org\/de\/rules\/\" \/>\n<meta property=\"og:locale\" content=\"de_DE\" \/>\n<meta property=\"og:type\" content=\"article\" \/>\n<meta property=\"og:title\" content=\"Rules - Flinger\" \/>\n<meta property=\"og:description\" content=\"Flinger allows you to chat with our random chat tool, free of charge and without registration. Our mission is to be a similar service to Omegle where you can have fun and enjoy your time. Respecting the rules and regulations for our video chat is very important. All of the following activities are prohibited on [&hellip;]\" \/>\n<meta property=\"og:url\" content=\"https:\/\/flinger.org\/de\/rules\/\" \/>\n<meta property=\"og:site_name\" content=\"Flinger\" \/>\n<meta property=\"article:modified_time\" content=\"2022-04-11T07:51:56+00:00\" \/>\n<meta name=\"twitter:card\" content=\"summary_large_image\" \/>\n<meta name=\"twitter:label1\" content=\"Gesch\u00e4tzte Lesezeit\" \/>\n\t<meta name=\"twitter:data1\" content=\"2\u00a0Minuten\" \/>\n<script type=\"application\/ld+json\" class=\"yoast-schema-graph\">{\"@context\":\"https:\/\/schema.org\",\"@graph\":[{\"@type\":\"WebPage\",\"@id\":\"https:\/\/flinger.org\/rules\/\",\"url\":\"https:\/\/flinger.org\/rules\/\",\"name\":\"Rules - Flinger\",\"isPartOf\":{\"@id\":\"https:\/\/flinger.org\/#website\"},\"datePublished\":\"2022-04-11T07:50:46+00:00\",\"dateModified\":\"2022-04-11T07:51:56+00:00\",\"breadcrumb\":{\"@id\":\"https:\/\/flinger.org\/rules\/#breadcrumb\"},\"inLanguage\":\"de\",\"potentialAction\":[{\"@type\":\"ReadAction\",\"target\":[\"https:\/\/flinger.org\/rules\/\"]}]},{\"@type\":\"BreadcrumbList\",\"@id\":\"https:\/\/flinger.org\/rules\/#breadcrumb\",\"itemListElement\":[{\"@type\":\"ListItem\",\"position\":1,\"name\":\"Home\",\"item\":\"https:\/\/flinger.org\/\"},{\"@type\":\"ListItem\",\"position\":2,\"name\":\"Rules\"}]},{\"@type\":\"WebSite\",\"@id\":\"https:\/\/flinger.org\/#website\",\"url\":\"https:\/\/flinger.org\/\",\"name\":\"Flinger\",\"description\":\"\",\"potentialAction\":[{\"@type\":\"SearchAction\",\"target\":{\"@type\":\"EntryPoint\",\"urlTemplate\":\"https:\/\/flinger.org\/?s={search_term_string}\"},\"query-input\":{\"@type\":\"PropertyValueSpecification\",\"valueRequired\":true,\"valueName\":\"search_term_string\"}}],\"inLanguage\":\"de\"}]}<\/script>\n<!-- \/ Yoast SEO plugin. -->","yoast_head_json":{"title":"Regeln - Flinger","robots":{"index":"index","follow":"follow","max-snippet":"max-snippet:-1","max-image-preview":"max-image-preview:large","max-video-preview":"max-video-preview:-1"},"canonical":"https:\/\/flinger.org\/de\/rules\/","og_locale":"de_DE","og_type":"article","og_title":"Rules - Flinger","og_description":"Flinger allows you to chat with our random chat tool, free of charge and without registration. Our mission is to be a similar service to Omegle where you can have fun and enjoy your time. Respecting the rules and regulations for our video chat is very important. All of the following activities are prohibited on [&hellip;]","og_url":"https:\/\/flinger.org\/de\/rules\/","og_site_name":"Flinger","article_modified_time":"2022-04-11T07:51:56+00:00","twitter_card":"summary_large_image","twitter_misc":{"Gesch\u00e4tzte Lesezeit":"2\u00a0Minuten"},"schema":{"@context":"https:\/\/schema.org","@graph":[{"@type":"WebPage","@id":"https:\/\/flinger.org\/rules\/","url":"https:\/\/flinger.org\/rules\/","name":"Regeln - Flinger","isPartOf":{"@id":"https:\/\/flinger.org\/#website"},"datePublished":"2022-04-11T07:50:46+00:00","dateModified":"2022-04-11T07:51:56+00:00","breadcrumb":{"@id":"https:\/\/flinger.org\/rules\/#breadcrumb"},"inLanguage":"de","potentialAction":[{"@type":"ReadAction","target":["https:\/\/flinger.org\/rules\/"]}]},{"@type":"BreadcrumbList","@id":"https:\/\/flinger.org\/rules\/#breadcrumb","itemListElement":[{"@type":"ListItem","position":1,"name":"Home","item":"https:\/\/flinger.org\/"},{"@type":"ListItem","position":2,"name":"Rules"}]},{"@type":"WebSite","@id":"https:\/\/flinger.org\/#website","url":"https:\/\/flinger.org\/","name":"Flinger","description":"","potentialAction":[{"@type":"SearchAction","target":{"@type":"EntryPoint","urlTemplate":"https:\/\/flinger.org\/?s={search_term_string}"},"query-input":{"@type":"PropertyValueSpecification","valueRequired":true,"valueName":"search_term_string"}}],"inLanguage":"de"}]}},"_links":{"self":[{"href":"https:\/\/flinger.org\/de\/wp-json\/wp\/v2\/pages\/106","targetHints":{"allow":["GET"]}}],"collection":[{"href":"https:\/\/flinger.org\/de\/wp-json\/wp\/v2\/pages"}],"about":[{"href":"https:\/\/flinger.org\/de\/wp-json\/wp\/v2\/types\/page"}],"author":[{"embeddable":true,"href":"https:\/\/flinger.org\/de\/wp-json\/wp\/v2\/users\/1"}],"replies":[{"embeddable":true,"href":"https:\/\/flinger.org\/de\/wp-json\/wp\/v2\/comments?post=106"}],"version-history":[{"count":3,"href":"https:\/\/flinger.org\/de\/wp-json\/wp\/v2\/pages\/106\/revisions"}],"predecessor-version":[{"id":109,"href":"https:\/\/flinger.org\/de\/wp-json\/wp\/v2\/pages\/106\/revisions\/109"}],"wp:attachment":[{"href":"https:\/\/flinger.org\/de\/wp-json\/wp\/v2\/media?parent=106"}],"curies":[{"name":"wp","href":"https:\/\/api.w.org\/{rel}","templated":true}]}}