{"id":104,"date":"2022-04-11T09:50:35","date_gmt":"2022-04-11T07:50:35","guid":{"rendered":"https:\/\/flinger.org\/?page_id=104"},"modified":"2022-04-11T10:14:30","modified_gmt":"2022-04-11T08:14:30","slug":"terms","status":"publish","type":"page","link":"https:\/\/flinger.org\/es\/terms\/","title":{"rendered":"T\u00e9rminos"},"content":{"rendered":"<h2>Introducci\u00f3n<\/h2>\n<p>El presente documento, que tambi\u00e9n puede denominarse \"Condiciones del servicio\", \"Condiciones\", \"Acuerdo de usuario\" o \"Acuerdo\", es un acuerdo legalmente vinculante entre particulares, empresas y organizaciones (usuarios) y Eastwood Media B.V., con sede en 24 Zinkstraat, 4823AD, Breda, Pa\u00edses Bajos, que tambi\u00e9n puede denominarse \"Flinger\", \"Empresa\", \"Sitio web\" o \"Sitio web\" en lo sucesivo.<\/p>\n<p>Los t\u00e9rminos \"nosotros\", \"nos\" y \"nuestro\" tambi\u00e9n pueden utilizarse para referirse a <a href=\"https:\/\/flinger.org\/es\">Flinger<\/a> en todo el sitio web, mientras que los t\u00e9rminos \"usted\", \"su\", \"usuario\" y \"visitante\" pueden utilizarse para referirse a todos los usuarios del sitio web. Los t\u00e9rminos \"contenido\" y \"contenido\" se utilizan para referirse a cualquier material disponible a trav\u00e9s del sitio web.<\/p>\n<p>Para acceder y utilizar todos los Contenidos y servicios proporcionados por el Sitio Web usted confirma que tiene al menos 18 (dieciocho) a\u00f1os de edad (o la edad legal en su estado, pa\u00eds o localidad si es mayor de 18).<\/p>\n<p>Al utilizar nuestro sitio web, usted se compromete a cumplir los t\u00e9rminos de este Acuerdo y de nuestro <a href=\"https:\/\/flinger.org\/es\/rules\/\">Reglas<\/a>. Tambi\u00e9n confirma que acepta cumplir con nuestra Pol\u00edtica de Privacidad y Pol\u00edtica de Reembolso.<\/p>\n<h4>Acceder y utilizar el sitio web<\/h4>\n<p>Le concedemos una licencia revocable no exclusiva y no sublicenciable para acceder y utilizar nuestro sitio web estrictamente de acuerdo con este Acuerdo. Sus derechos en virtud del presente Acuerdo no son transferibles ni cedibles y dicha transferencia ser\u00e1 nula o anulable en su caso.<\/p>\n<p>El presente Acuerdo no crea en modo alguno una relaci\u00f3n de agencia, asociaci\u00f3n, empresa conjunta o empleado-empleador o franquiciador-franquiciado entre usted y nosotros.<\/p>\n<p>Nos reservamos el derecho a interrumpir (temporalmente o por tiempo indefinido) el funcionamiento de nuestro sitio web (por ejemplo, para realizar tareas de mantenimiento en nuestro sitio web). Tambi\u00e9n nos reservamos el derecho a alternar nuestro sitio web:<\/p>\n<ul>\n<li>Por razones t\u00e9cnicas, como problemas con nuestros servidores, fallos de hardware o software, ataques de hackers, etc.<\/li>\n<li>Para realizar actualizaciones de nuestro hardware o software en beneficio de nuestro sitio web y\/o de la experiencia del usuario.<\/li>\n<li>En cualquier caso, por razones leg\u00edtimas, como objeciones relativas a la privacidad u objeciones leg\u00edtimas relativas al contenido o al mantenimiento de nuestro sitio web.<\/li>\n<li>Si decidimos que nuestro sitio web ya no tiene motivos comerciales para seguir funcionando.<\/li>\n<li>En caso de que se produzcan cambios en los servicios prestados por nosotros.<\/li>\n<\/ul>\n<p>No excluimos espec\u00edficamente los casos en los que nuestro sitio web pueda no estar disponible (temporalmente o por un per\u00edodo de tiempo infinito) debido a problemas t\u00e9cnicos o de mantenimiento. Nuestro sitio web no es inmune a los virus, los ataques de piratas inform\u00e1ticos, el mal funcionamiento del hardware y el software, y otros problemas inesperados que est\u00e1n fuera de nuestro control.<\/p>\n<p>No nos hacemos responsables de los problemas o da\u00f1os, incluidos los da\u00f1os materiales, que experimenten los Usuarios de nuestros Servicios por motivos t\u00e9cnicos.<\/p>\n<p>No nos responsabilizamos de los problemas o da\u00f1os experimentados por los Usuarios de nuestros Servicios que sean causados por un mal funcionamiento de Internet o de los datos.<\/p>\n<p>Nos comprometemos a tomar todas las medidas posibles para reanudar el correcto funcionamiento de nuestros Servicios en caso de cualquier problema t\u00e9cnico o de mantenimiento.<\/p>\n<p>Todos los problemas y\/o costes asociados a las conexiones a Internet y\/o a los servicios de conexi\u00f3n de datos m\u00f3viles son responsabilidad del usuario individual. Aconsejamos a todos los Usuarios que aclaren los costes de cualquier conexi\u00f3n a Internet o de datos antes de utilizar nuestro Sitio Web.<\/p>\n<h4>Contenido del usuario<\/h4>\n<p>Los usuarios pueden transmitir informaci\u00f3n de texto, audio (declaraciones verbales) y v\u00eddeo a otros usuarios. Al poner a disposici\u00f3n cualquier Contenido de Usuario a trav\u00e9s del Sitio Web, usted nos concede una licencia mundial, irrevocable, perpetua, no exclusiva, transferible y libre de derechos de autor, con derecho a sublicenciar, para utilizar, copiar, adaptar, modificar, distribuir, licenciar, vender, transferir, mostrar p\u00fablicamente, ejecutar p\u00fablicamente, transmitir, transmitir, difundir y explotar de cualquier otra manera dicho Contenido de Usuario en, a trav\u00e9s de o por medio del Sitio Web y sitios web de terceros. Esto incluye el uso de dicho Contenido con fines comerciales.<\/p>\n<p>No reclamamos ning\u00fan derecho de propiedad sobre dichos Contenidos del Usuario y nada de lo dispuesto en el presente Acuerdo se considerar\u00e1 una restricci\u00f3n de los derechos que usted pueda tener para utilizar y explotar dichos Contenidos del Usuario. Los derechos de autor de todos los Contenidos permanecen en posesi\u00f3n del Usuario que los ha proporcionado.<\/p>\n<p>Usted reconoce y acepta que es el \u00fanico responsable de todo el Contenido del Usuario que ponga a disposici\u00f3n a trav\u00e9s del Sitio Web. En consecuencia, usted declara y garantiza que es el \u00fanico y exclusivo propietario de todo el Contenido del Usuario que pone a disposici\u00f3n a trav\u00e9s del Sitio Web o que tiene todos los derechos, licencias, consentimientos y liberaciones que son necesarios para otorgarnos los derechos sobre dicho Contenido del Usuario, como se contempla en los t\u00e9rminos de este Acuerdo.<\/p>\n<p>Usted declara y garantiza que ni el Contenido del Usuario, ni su difusi\u00f3n o transmisi\u00f3n del Contenido del Usuario, ni nuestro uso del Contenido del Usuario (o cualquier parte del mismo) en, a trav\u00e9s o por medio del Sitio Web o de los sitios web de terceros, infringir\u00e1, se apropiar\u00e1 indebidamente o violar\u00e1 la patente, los derechos de autor, la marca comercial, el secreto comercial, los derechos morales u otros derechos de propiedad intelectual, o los derechos de publicidad o privacidad de un tercero, o dar\u00e1 lugar a la violaci\u00f3n de cualquier ley o reglamento aplicable.<\/p>\n<p>Los derechos de autor de todos los dem\u00e1s contenidos, incluidos los gr\u00e1ficos, el dise\u00f1o de la interfaz de usuario, etc., que se encuentran en nuestro sitio web nos pertenecen.<\/p>\n<p>Usted se compromete a no proporcionar ning\u00fan Contenido que viole los t\u00e9rminos de este Acuerdo y nuestras Reglas, los derechos de otros Usuarios, o que pueda ser visto como obsceno u ofensivo para otros.<\/p>\n<p>Usted se compromete a no transmitir ning\u00fan Contenido que infrinja, o fomente cualquier conducta que infrinja, cualquier ley o reglamento aplicable o que d\u00e9 lugar a responsabilidad civil.<\/p>\n<p>Usted se compromete a no promocionar, publicitar u ofrecer ning\u00fan tipo de servicio comercial al utilizar nuestro Sitio Web. Usted se compromete a no utilizar el Sitio Web o los Contenidos con fines comerciales o en beneficio de terceros o de cualquier forma no permitida por el presente Acuerdo.<\/p>\n<h4>Actividad de los usuarios malintencionados<\/h4>\n<p>Usted se compromete a no hacer nada de lo siguiente:<\/p>\n<p>Intentar sondear, escanear o probar la vulnerabilidad de cualquiera de nuestros sistemas o redes o violar cualquier medida de seguridad o autenticaci\u00f3n;<\/p>\n<ul>\n<li>Evitar, eludir, eliminar, desactivar, deteriorar, descodificar o eludir de otro modo cualquier medida tecnol\u00f3gica implementada por nosotros o cualquiera de nuestros proveedores o cualquier otro tercero (incluido otro Usuario) para proteger el Sitio Web o el Contenido;<\/li>\n<li>Intentar acceder o buscar en el Sitio Web o en el Contenido o descargar el Contenido del Sitio Web mediante el uso de cualquier motor, software, herramienta, agente, dispositivo o mecanismo (incluyendo ara\u00f1as, robots, rastreadores, herramientas de extracci\u00f3n de datos o similares) que no sean los navegadores web de terceros generalmente disponibles;<\/li>\n<li>Falsificar cualquier encabezado de paquete TCP\/IP o cualquier parte de la informaci\u00f3n del encabezado en cualquier env\u00edo de correo electr\u00f3nico, o utilizar de alguna manera el Sitio Web o el Contenido para enviar informaci\u00f3n de identificaci\u00f3n de la fuente alterada, enga\u00f1osa o falsa;<\/li>\n<li>Intentar descifrar, descompilar, desensamblar o aplicar ingenier\u00eda inversa a cualquiera de los programas inform\u00e1ticos utilizados para proporcionar el Sitio Web o el Contenido;<\/li>\n<li>Interferir o intentar interferir en el acceso de cualquier Usuario, host o red, incluyendo, sin limitaci\u00f3n, el env\u00edo de un virus, la sobrecarga, la inundaci\u00f3n, el env\u00edo de spam o el bombardeo de correo del Sitio Web;<\/li>\n<li>Desarrollar una aplicaci\u00f3n o un sitio web de la competencia;<\/li>\n<li>Animar o permitir a cualquier otro individuo a hacer cualquiera de los anteriores.<\/li>\n<\/ul>\n<h4>Productos o servicios de pago<\/h4>\n<p>Podemos ofrecer algunos productos o servicios de pago a nuestros usuarios, en nuestro sitio web, incluidos, entre otros, bienes y servicios digitales y suscripciones.<\/p>\n<p>Si nos compra algo, tambi\u00e9n declara y garantiza que:<\/p>\n<p>Ha le\u00eddo la descripci\u00f3n del producto o servicio y comprende claramente su naturaleza;<\/p>\n<ul>\n<li>Toda la informaci\u00f3n de pago que proporcione es verdadera y completa;<\/li>\n<li>Los cargos en los que incurra ser\u00e1n abonados por su banco o compa\u00f1\u00eda de tarjetas de cr\u00e9dito;<\/li>\n<li>Usted pagar\u00e1 los gastos en que incurra a los precios publicados, incluidos los impuestos aplicables;<\/li>\n<li>Si su m\u00e9todo de pago inicial es rechazado, usted seguir\u00e1 pagando los gastos incurridos, incluyendo cualquier recargo en el que podamos incurrir debido al pago rechazado.<\/li>\n<li>Los servicios de pago no pueden ser transferidos a terceros.<\/li>\n<li>En caso de que no est\u00e9 de acuerdo con el importe cargado con su tarjeta bancaria por el uso del Sitio Web, p\u00f3ngase en contacto con nosotros antes de dirigirse al emisor de la tarjeta bancaria para solicitar un reembolso (Chargeback). Se estudiar\u00e1 su reclamaci\u00f3n y, en caso de que la consideremos justificada, se devolver\u00e1 a su tarjeta el importe impugnado. El reembolso en virtud de la solicitud aprobada puede tardar hasta 20 d\u00edas h\u00e1biles. En caso de que rechacemos su solicitud, puede ponerse en contacto con el emisor de la tarjeta bancaria.<\/li>\n<\/ul>\n<p>Es posible que ofrezcamos funciones adicionales de pago en nuestro sitio web, como la posibilidad de eliminar una prohibici\u00f3n antes de que expire el periodo de prohibici\u00f3n. Estas funciones de pago pueden adquirirse a trav\u00e9s de una serie de m\u00e9todos de pago propuestos en nuestro sitio web.<\/p>\n<p>Todos los pagos por servicios de pago en nuestro sitio web est\u00e1n sujetos (o no) a reembolso de acuerdo con nuestra pol\u00edtica de reembolso.<\/p>\n<p>Las condiciones de pago de la comunicaci\u00f3n y las condiciones de reembolso de la cuenta pueden ser modificadas por el Sitio Web en cualquier momento sin previo aviso a los Usuarios. En caso de que estos cambios modifiquen significativamente los t\u00e9rminos del Acuerdo, Usted tiene el derecho de terminar el uso del Sitio Web.<\/p>\n<p>Si cree que la naturaleza del producto o servicio no le resulta suficientemente clara, no lo compre y no dude en ponerse en contacto con nosotros antes de realizar la compra.<\/p>\n<h4>URLs externas<\/h4>\n<p>Nos reservamos el derecho de colocar en nuestro sitio web enlaces a sitios web externos, recursos de Internet y productos de terceros.<\/p>\n<p>Intentamos proporcionar \u00fanicamente enlaces a recursos de terceros respetados; sin embargo, no aceptamos responsabilidad alguna por el contenido de los sitios web de terceros, la seguridad de la privacidad de su informaci\u00f3n personal en dichos sitios o cualquier acci\u00f3n que pueda realizar en los sitios web externos. Usted reconoce que es el \u00fanico responsable y asume todos los riesgos derivados de su uso de dichos sitios web o recursos. Usted reconoce y acepta que no somos responsables de la disponibilidad o exactitud de los sitios web o recursos externos, as\u00ed como del contenido, los productos o los servicios disponibles en dichos sitios web o recursos.<\/p>\n<h4>Vinculaci\u00f3n e incrustaci\u00f3n<\/h4>\n<p>Puede proporcionar enlaces a nuestro sitio web e incrustarlo en sus sitios web, aplicaciones u otros recursos de Internet, siempre que:<\/p>\n<ul>\n<li>No elimine ni oculte ninguna parte de nuestro sitio web mediante el uso de marcos o de otro modo;<\/li>\n<li>Su aplicaci\u00f3n, recurso de Internet o sitio web no se dedica a actividades ilegales o pornogr\u00e1ficas;<\/li>\n<\/ul>\n<p>Usted dejar\u00e1 de proporcionar enlaces a nuestro sitio web, as\u00ed como de incrustar nuestro sitio web, inmediatamente despu\u00e9s de que se lo solicitemos.<\/p>\n<h4>Finalizaci\u00f3n del acceso<\/h4>\n<p>Cualquier usuario que infrinja nuestras normas al utilizar nuestro sitio web, los t\u00e9rminos de este acuerdo, o que proporcione o distribuya contenidos tal y como se indica en la p\u00e1gina 3 de este acuerdo, podr\u00e1 ver limitado su acceso a nuestro sitio web sin previo aviso ni obligaci\u00f3n alguna (financiera o de otro tipo), incluido el derecho a que utilicemos cualquier software, medio t\u00e9cnico, legal o de otro tipo para garantizar el cumplimiento de estos t\u00e9rminos (incluido, sin limitaci\u00f3n alguna, el bloqueo de determinadas direcciones IP).<\/p>\n<p>Intentamos notificar a todos los usuarios sobre tales restricciones, pero no tenemos la obligaci\u00f3n de hacerlo.<\/p>\n<p>En el caso de las limitaciones temporales de acceso, el per\u00edodo de limitaci\u00f3n lo determinamos nosotros y puede modificarse de vez en cuando. Usted acepta que no seremos responsables ante usted ni ante los dem\u00e1s usuarios por cualquier cambio en los periodos de prohibici\u00f3n por cualquier tipo de infracci\u00f3n.<\/p>\n<p>Todas y cada una de las disposiciones relacionadas con la limitaci\u00f3n de la responsabilidad, las exenciones de responsabilidad y la indemnizaci\u00f3n sobreviven a la terminaci\u00f3n de este Acuerdo o a la terminaci\u00f3n de su uso de nuestro sitio web.<\/p>\n<h4>Abusos y quejas<\/h4>\n<p>Cualquier incidente de abuso, violaci\u00f3n de las Normas y\/o uso indebido de sus derechos de autor por parte de otros Usuarios puede ser reportado a trav\u00e9s de las direcciones de correo electr\u00f3nico, formularios de contacto y otros m\u00e9todos de contacto presentados en nuestro Sitio Web.<\/p>\n<p>Los usuarios que intenten resolver cualquier disputa con otros usuarios de nuestro sitio web violando nuestras normas, los t\u00e9rminos de este acuerdo o la pol\u00edtica de privacidad, y\/o llevando a cabo acciones ilegales, como comentarios inapropiados a otros usuarios, son susceptibles de que se les limite el acceso a nuestro sitio web de forma temporal o permanente, seg\u00fan la p.6 de este acuerdo.<\/p>\n<h4>Limitaci\u00f3n de la responsabilidad<\/h4>\n<p>No somos responsables de las acciones realizadas por nuestros Usuarios mientras est\u00e1n en nuestro Sitio Web ni de los Contenidos proporcionados por ellos.<\/p>\n<p>No aceptamos ninguna responsabilidad resultante del uso de nuestro Sitio Web, incluida la responsabilidad resultante de juicios, sanciones, reclamaciones, da\u00f1os, obligaciones, gastos de cualquier naturaleza y tipo, incluidos los directos, indirectos, ocasionales, sanciones, y\/o p\u00e9rdidas causadas por negligencia, interrupci\u00f3n del servicio, p\u00e9rdida de datos, da\u00f1os en el hardware debido a ataques de virus, p\u00e9rdida de ingresos, p\u00e9rdida de oportunidades, p\u00e9rdida de tiempo de oficina, incumplimiento de un contrato, reclamaciones de terceros, o cualquier otra p\u00e9rdida que pueda haber sido prevista como las que pueden ser causadas debido a o durante el uso de nuestro Sitio Web. Esta limitaci\u00f3n de responsabilidad cubre, pero no se limita a, la transmisi\u00f3n de cualquier software o virus que pueda da\u00f1ar su hardware, causar fallos en el funcionamiento del hardware mec\u00e1nico o el\u00e9ctrico o de las l\u00edneas de comunicaci\u00f3n, otros problemas de conexi\u00f3n (como la imposibilidad de acceso a Internet), el acceso no autorizado, el robo, las lesiones, los da\u00f1os a la propiedad, los errores del operador, las huelgas o la fuerza mayor, incluyendo, pero sin limitarse a la responsabilidad por la p\u00e9rdida de ingresos, beneficios o p\u00e9rdida de contratos, la p\u00e9rdida de negocio, la p\u00e9rdida de ahorros previstos, la p\u00e9rdida de fondo de comercio, la p\u00e9rdida de datos, la p\u00e9rdida de tiempo de oficina, y cualquier otra p\u00e9rdida o da\u00f1o de cualquier tipo.<\/p>\n<p>Usted se compromete a proteger a Flinger y a sus empleados de cualquier reclamaci\u00f3n de terceros y de las p\u00e9rdidas y costes derivados de las reclamaciones resultantes de sus acciones personales durante el uso de nuestro Sitio Web o debido a los Contenidos proporcionados por usted.<\/p>\n<h4>Enmiendas<\/h4>\n<p>Nos reservamos el derecho, sin previo aviso, de modificar o cambiar nuestras Normas, la Pol\u00edtica de Privacidad, la Pol\u00edtica de Reembolso y el presente Acuerdo.<\/p>\n<p>Las copias m\u00e1s recientes y actualizadas de los documentos mencionados se publican en nuestro sitio web.<\/p>\n<p>Las modificaciones ser\u00e1n activas y v\u00e1lidas a partir del momento en que el texto modificado se actualice en la p\u00e1gina correspondiente de nuestro sitio web.<\/p>\n<p>En algunos casos, podemos notificar a los usuarios las modificaciones de los documentos; sin embargo, es responsabilidad del usuario comprobar regularmente las p\u00e1ginas respectivas para ver si hay actualizaciones.<\/p>\n<p>Si no est\u00e1 de acuerdo con cualquiera de los t\u00e9rminos de este Acuerdo, debe dejar de utilizar nuestro sitio web con efecto inmediato. Si sigue utilizando nuestro sitio web despu\u00e9s de que entren en vigor las modificaciones, significa que est\u00e1 de acuerdo con todos los cambios y las condiciones modificadas de este Acuerdo.<\/p>\n<h4>Otros asuntos<\/h4>\n<p>El derecho neerland\u00e9s se aplicar\u00e1 al Acuerdo sin tener en cuenta el conflicto de leyes. En caso de que se produzcan disputas legales, \u00e9stas se resolver\u00e1n ante un tribunal holand\u00e9s.<\/p>\n<p>Cualquier reclamaci\u00f3n que sea rellenada por Usted en relaci\u00f3n con la Aplicaci\u00f3n debe ser presentada dentro de un a\u00f1o despu\u00e9s de que el motivo de la reclamaci\u00f3n haya tenido lugar. Una vez transcurrido dicho plazo, dicho derecho se perder\u00e1 para siempre y la presentaci\u00f3n de dicha reclamaci\u00f3n se considerar\u00e1 prohibida.<\/p>\n<p>Por la presente, usted acepta que, en caso de violaci\u00f3n del acuerdo por su parte, incurriremos en p\u00e9rdidas irreparables. En este caso, tendremos derecho (sin ninguna prueba de p\u00e9rdida) a recibir protecci\u00f3n legal. Sin embargo, la provisi\u00f3n de protecci\u00f3n legal para nosotros por la ley no nos limita en la obtenci\u00f3n de otros recursos disponibles de acuerdo con la legislaci\u00f3n aplicable.<\/p>\n<p>En caso de que surja cualquier disputa entre el Sitio Web y el Usuario, el Sitio Web tambi\u00e9n se reserva el derecho de utilizar como prueba que confirma que usted estaba realmente utilizando la Aplicaci\u00f3n (en algunos casos - como prueba de que usted es el verdadero propietario de la cuenta) y proporcionar a la autoridad pertinente la siguiente informaci\u00f3n: su Avatar; capturas de pantalla realizadas por el sistema cuando usted estaba buscando interlocutores; su direcci\u00f3n IP; su pa\u00eds, regi\u00f3n y ciudad; tipo de navegador y sistema operativo que estaba utilizando.<\/p>\n<p>Este documento est\u00e1 redactado en diferentes idiomas. En caso de duda o desacuerdo sobre su contenido o divergencia de interpretaci\u00f3n, prevalecer\u00e1 el texto en ingl\u00e9s.<\/p>\n<p>Las denominaciones de las cl\u00e1usulas y subcl\u00e1usulas del Acuerdo no se consideran parte sustantiva de las mismas y se indican \u00fanicamente para facilitar la orientaci\u00f3n.<\/p>\n<p>Los mensajes relativos a la violaci\u00f3n del Acuerdo por parte de los usuarios deben enviarse a la siguiente direcci\u00f3n: support@flinger.org para obtener una respuesta inmediata. Los dem\u00e1s mensajes relativos al Acuerdo o al funcionamiento de la Aplicaci\u00f3n deben enviarse a la siguiente direcci\u00f3n: support@flinger.org<\/p>","protected":false},"excerpt":{"rendered":"<p>Introducci\u00f3n El presente documento, que tambi\u00e9n puede denominarse \"Condiciones del servicio\", \"Condiciones\", \"Acuerdo de usuario\" o \"Acuerdo\", es un acuerdo jur\u00eddicamente vinculante entre particulares, empresas y organizaciones (usuarios) y Eastwood Media B.V., con sede en 24 Zinkstraat, 4823AD, Breda, Pa\u00edses Bajos, que tambi\u00e9n puede denominarse \"Flinger\", \"Empresa\", \"Sitio web\" [...].<\/p>","protected":false},"author":1,"featured_media":0,"parent":0,"menu_order":0,"comment_status":"closed","ping_status":"closed","template":"","meta":{"footnotes":""},"class_list":["post-104","page","type-page","status-publish","hentry"],"yoast_head":"<!-- This site is optimized with the Yoast SEO plugin v25.8 - https:\/\/yoast.com\/wordpress\/plugins\/seo\/ -->\n<title>Terms - Flinger<\/title>\n<meta name=\"robots\" content=\"index, follow, max-snippet:-1, max-image-preview:large, max-video-preview:-1\" \/>\n<link rel=\"canonical\" href=\"https:\/\/flinger.org\/es\/terms\/\" \/>\n<meta property=\"og:locale\" content=\"es_ES\" \/>\n<meta property=\"og:type\" content=\"article\" \/>\n<meta property=\"og:title\" content=\"Terms - Flinger\" \/>\n<meta property=\"og:description\" content=\"Introduction This document, which may also be referred to as \u201cTerms of Service\u201d, \u201cTerms\u201d, \u201cUser Agreement\u201d or \u201cAgreement\u201d throughout, is a legally binding agreement between individuals, businesses, and organizations (Users) and Eastwood Media B.V., which is located at 24 Zinkstraat, 4823AD, Breda, the Netherlands, which may also be referred to as \u201cFlinger\u201d, \u201cCompany\u201d the \u201cWebsite\u201d [&hellip;]\" \/>\n<meta property=\"og:url\" content=\"https:\/\/flinger.org\/es\/terms\/\" \/>\n<meta property=\"og:site_name\" content=\"Flinger\" \/>\n<meta property=\"article:modified_time\" content=\"2022-04-11T08:14:30+00:00\" \/>\n<meta name=\"twitter:card\" content=\"summary_large_image\" \/>\n<meta name=\"twitter:label1\" content=\"Tiempo de lectura\" \/>\n\t<meta name=\"twitter:data1\" content=\"12 minutos\" \/>\n<script type=\"application\/ld+json\" class=\"yoast-schema-graph\">{\"@context\":\"https:\/\/schema.org\",\"@graph\":[{\"@type\":\"WebPage\",\"@id\":\"https:\/\/flinger.org\/terms\/\",\"url\":\"https:\/\/flinger.org\/terms\/\",\"name\":\"Terms - Flinger\",\"isPartOf\":{\"@id\":\"https:\/\/flinger.org\/#website\"},\"datePublished\":\"2022-04-11T07:50:35+00:00\",\"dateModified\":\"2022-04-11T08:14:30+00:00\",\"breadcrumb\":{\"@id\":\"https:\/\/flinger.org\/terms\/#breadcrumb\"},\"inLanguage\":\"es\",\"potentialAction\":[{\"@type\":\"ReadAction\",\"target\":[\"https:\/\/flinger.org\/terms\/\"]}]},{\"@type\":\"BreadcrumbList\",\"@id\":\"https:\/\/flinger.org\/terms\/#breadcrumb\",\"itemListElement\":[{\"@type\":\"ListItem\",\"position\":1,\"name\":\"Home\",\"item\":\"https:\/\/flinger.org\/\"},{\"@type\":\"ListItem\",\"position\":2,\"name\":\"Terms\"}]},{\"@type\":\"WebSite\",\"@id\":\"https:\/\/flinger.org\/#website\",\"url\":\"https:\/\/flinger.org\/\",\"name\":\"Flinger\",\"description\":\"\",\"potentialAction\":[{\"@type\":\"SearchAction\",\"target\":{\"@type\":\"EntryPoint\",\"urlTemplate\":\"https:\/\/flinger.org\/?s={search_term_string}\"},\"query-input\":{\"@type\":\"PropertyValueSpecification\",\"valueRequired\":true,\"valueName\":\"search_term_string\"}}],\"inLanguage\":\"es\"}]}<\/script>\n<!-- \/ Yoast SEO plugin. -->","yoast_head_json":{"title":"Condiciones - Flinger","robots":{"index":"index","follow":"follow","max-snippet":"max-snippet:-1","max-image-preview":"max-image-preview:large","max-video-preview":"max-video-preview:-1"},"canonical":"https:\/\/flinger.org\/es\/terms\/","og_locale":"es_ES","og_type":"article","og_title":"Terms - Flinger","og_description":"Introduction This document, which may also be referred to as \u201cTerms of Service\u201d, \u201cTerms\u201d, \u201cUser Agreement\u201d or \u201cAgreement\u201d throughout, is a legally binding agreement between individuals, businesses, and organizations (Users) and Eastwood Media B.V., which is located at 24 Zinkstraat, 4823AD, Breda, the Netherlands, which may also be referred to as \u201cFlinger\u201d, \u201cCompany\u201d the \u201cWebsite\u201d [&hellip;]","og_url":"https:\/\/flinger.org\/es\/terms\/","og_site_name":"Flinger","article_modified_time":"2022-04-11T08:14:30+00:00","twitter_card":"summary_large_image","twitter_misc":{"Tiempo de lectura":"12 minutos"},"schema":{"@context":"https:\/\/schema.org","@graph":[{"@type":"WebPage","@id":"https:\/\/flinger.org\/terms\/","url":"https:\/\/flinger.org\/terms\/","name":"Condiciones - Flinger","isPartOf":{"@id":"https:\/\/flinger.org\/#website"},"datePublished":"2022-04-11T07:50:35+00:00","dateModified":"2022-04-11T08:14:30+00:00","breadcrumb":{"@id":"https:\/\/flinger.org\/terms\/#breadcrumb"},"inLanguage":"es","potentialAction":[{"@type":"ReadAction","target":["https:\/\/flinger.org\/terms\/"]}]},{"@type":"BreadcrumbList","@id":"https:\/\/flinger.org\/terms\/#breadcrumb","itemListElement":[{"@type":"ListItem","position":1,"name":"Home","item":"https:\/\/flinger.org\/"},{"@type":"ListItem","position":2,"name":"Terms"}]},{"@type":"WebSite","@id":"https:\/\/flinger.org\/#website","url":"https:\/\/flinger.org\/","name":"Flinger","description":"","potentialAction":[{"@type":"SearchAction","target":{"@type":"EntryPoint","urlTemplate":"https:\/\/flinger.org\/?s={search_term_string}"},"query-input":{"@type":"PropertyValueSpecification","valueRequired":true,"valueName":"search_term_string"}}],"inLanguage":"es"}]}},"_links":{"self":[{"href":"https:\/\/flinger.org\/es\/wp-json\/wp\/v2\/pages\/104","targetHints":{"allow":["GET"]}}],"collection":[{"href":"https:\/\/flinger.org\/es\/wp-json\/wp\/v2\/pages"}],"about":[{"href":"https:\/\/flinger.org\/es\/wp-json\/wp\/v2\/types\/page"}],"author":[{"embeddable":true,"href":"https:\/\/flinger.org\/es\/wp-json\/wp\/v2\/users\/1"}],"replies":[{"embeddable":true,"href":"https:\/\/flinger.org\/es\/wp-json\/wp\/v2\/comments?post=104"}],"version-history":[{"count":2,"href":"https:\/\/flinger.org\/es\/wp-json\/wp\/v2\/pages\/104\/revisions"}],"predecessor-version":[{"id":111,"href":"https:\/\/flinger.org\/es\/wp-json\/wp\/v2\/pages\/104\/revisions\/111"}],"wp:attachment":[{"href":"https:\/\/flinger.org\/es\/wp-json\/wp\/v2\/media?parent=104"}],"curies":[{"name":"wp","href":"https:\/\/api.w.org\/{rel}","templated":true}]}}