{"id":106,"date":"2022-04-11T09:50:46","date_gmt":"2022-04-11T07:50:46","guid":{"rendered":"https:\/\/flinger.org\/?page_id=106"},"modified":"2022-04-11T09:51:56","modified_gmt":"2022-04-11T07:51:56","slug":"rules","status":"publish","type":"page","link":"https:\/\/flinger.org\/es\/rules\/","title":{"rendered":"Reglas"},"content":{"rendered":"<p><a href=\"https:\/\/flinger.org\/es\">Flinger<\/a> le permite <a href=\"https:\/\/flinger.org\/es\/sex-chatrooms\/\">chat<\/a> con nuestra herramienta de chat aleatorio, de forma gratuita y sin registro. Nuestra misi\u00f3n es ser un servicio similar a Omegle donde puedas divertirte y disfrutar de tu tiempo. Respetar las reglas y normas de nuestro videochat es muy importante.<\/p>\n<h3>Todas las actividades siguientes est\u00e1n prohibidas en Flinger.<\/h3>\n<ul>\n<li>Usar Flinger por debajo de los 18 a\u00f1os.<\/li>\n<li>Difundir comentarios vulgares, sexuales o depresivos.<\/li>\n<li>Degradar a otra persona por su religi\u00f3n, raza, sexo, orientaci\u00f3n sexual o edad.<\/li>\n<li>Acosar o faltar al respeto a otros usuarios.<\/li>\n<li>Est\u00e1 prohibido mostrar el pecho desnudo sin un rostro presente en la pantalla.<\/li>\n<li>Videochat completamente desnudo o en ropa interior.<\/li>\n<li>Pedir o forzar el sexo virtual.<\/li>\n<li>Mostrar tus partes \u00edntimas mientras est\u00e1s en la c\u00e1mara.<\/li>\n<li>Tocar tus partes \u00edntimas y mostrarlo en c\u00e1mara.<\/li>\n<li>Enfocando la c\u00e1mara por debajo del pecho.<\/li>\n<li>Mostrar un mensaje de texto en la pantalla de v\u00eddeo para dirigir a los usuarios.<\/li>\n<li>Mostrar una imagen en la pantalla de v\u00eddeo para dirigir a los usuarios.<\/li>\n<li>Visualizaci\u00f3n de la pantalla de su ordenador para dirigir a los usuarios.<\/li>\n<li>Utilizar un emulador de c\u00e1mara web para dirigir a los usuarios.<\/li>\n<li>Mostrar cualquier anuncio de v\u00eddeo\/imagen\/texto.<\/li>\n<li>Pedir a los usuarios de Flinger que voten cualquier URL o que promocionen sus productos.<\/li>\n<li>Uso del sitio web para promover o facilitar la trata de personas, el tr\u00e1fico sexual, el abuso f\u00edsico o la prostituci\u00f3n.<\/li>\n<\/ul>\n<h4>Reclamaciones<\/h4>\n<p>Puedes presentar una queja contra cualquier persona en Flinger si crees que est\u00e1 infringiendo nuestras normas. Si env\u00edas una captura de pantalla con tu queja, nos resultar\u00e1 m\u00e1s f\u00e1cil y r\u00e1pido tomar medidas. Tomaremos r\u00e1pidamente medidas contra estos usuarios.<\/p>\n<p>Si hay muchas quejas contra un usuario espec\u00edfico, nuestro sistema le prohibir\u00e1 el acceso al sitio web de Flinger.<\/p>\n<p>Tenemos en cuenta muchos hechos antes de prohibir a alguien el acceso a Flinger.com. Flinger no tiene la responsabilidad exclusiva de controlar el spam y otras actividades vulgares. Tambi\u00e9n pedimos tu colaboraci\u00f3n, como usuario. No podemos eliminar a los infractores de Flinger sin tu apoyo. Nos comprometemos a hacer que este servicio de chat entre c\u00e1maras sea m\u00e1s agradable y divertido con tu apoyo.<\/p>","protected":false},"excerpt":{"rendered":"<p>Flinger te permite chatear con nuestra herramienta de chat aleatorio, de forma gratuita y sin necesidad de registro. Nuestra misi\u00f3n es ser un servicio similar a Omegle donde puedas divertirte y disfrutar de tu tiempo. Respetar las reglas y normas de nuestro videochat es muy importante. Todas las siguientes actividades est\u00e1n prohibidas en [...]<\/p>","protected":false},"author":1,"featured_media":0,"parent":0,"menu_order":0,"comment_status":"closed","ping_status":"closed","template":"","meta":{"footnotes":""},"class_list":["post-106","page","type-page","status-publish","hentry"],"yoast_head":"<!-- This site is optimized with the Yoast SEO plugin v25.8 - https:\/\/yoast.com\/wordpress\/plugins\/seo\/ -->\n<title>Rules - Flinger<\/title>\n<meta name=\"robots\" content=\"index, follow, max-snippet:-1, max-image-preview:large, max-video-preview:-1\" \/>\n<link rel=\"canonical\" href=\"https:\/\/flinger.org\/es\/rules\/\" \/>\n<meta property=\"og:locale\" content=\"es_ES\" \/>\n<meta property=\"og:type\" content=\"article\" \/>\n<meta property=\"og:title\" content=\"Rules - Flinger\" \/>\n<meta property=\"og:description\" content=\"Flinger allows you to chat with our random chat tool, free of charge and without registration. Our mission is to be a similar service to Omegle where you can have fun and enjoy your time. Respecting the rules and regulations for our video chat is very important. All of the following activities are prohibited on [&hellip;]\" \/>\n<meta property=\"og:url\" content=\"https:\/\/flinger.org\/es\/rules\/\" \/>\n<meta property=\"og:site_name\" content=\"Flinger\" \/>\n<meta property=\"article:modified_time\" content=\"2022-04-11T07:51:56+00:00\" \/>\n<meta name=\"twitter:card\" content=\"summary_large_image\" \/>\n<meta name=\"twitter:label1\" content=\"Tiempo de lectura\" \/>\n\t<meta name=\"twitter:data1\" content=\"2 minutos\" \/>\n<script type=\"application\/ld+json\" class=\"yoast-schema-graph\">{\"@context\":\"https:\/\/schema.org\",\"@graph\":[{\"@type\":\"WebPage\",\"@id\":\"https:\/\/flinger.org\/rules\/\",\"url\":\"https:\/\/flinger.org\/rules\/\",\"name\":\"Rules - Flinger\",\"isPartOf\":{\"@id\":\"https:\/\/flinger.org\/#website\"},\"datePublished\":\"2022-04-11T07:50:46+00:00\",\"dateModified\":\"2022-04-11T07:51:56+00:00\",\"breadcrumb\":{\"@id\":\"https:\/\/flinger.org\/rules\/#breadcrumb\"},\"inLanguage\":\"es\",\"potentialAction\":[{\"@type\":\"ReadAction\",\"target\":[\"https:\/\/flinger.org\/rules\/\"]}]},{\"@type\":\"BreadcrumbList\",\"@id\":\"https:\/\/flinger.org\/rules\/#breadcrumb\",\"itemListElement\":[{\"@type\":\"ListItem\",\"position\":1,\"name\":\"Home\",\"item\":\"https:\/\/flinger.org\/\"},{\"@type\":\"ListItem\",\"position\":2,\"name\":\"Rules\"}]},{\"@type\":\"WebSite\",\"@id\":\"https:\/\/flinger.org\/#website\",\"url\":\"https:\/\/flinger.org\/\",\"name\":\"Flinger\",\"description\":\"\",\"potentialAction\":[{\"@type\":\"SearchAction\",\"target\":{\"@type\":\"EntryPoint\",\"urlTemplate\":\"https:\/\/flinger.org\/?s={search_term_string}\"},\"query-input\":{\"@type\":\"PropertyValueSpecification\",\"valueRequired\":true,\"valueName\":\"search_term_string\"}}],\"inLanguage\":\"es\"}]}<\/script>\n<!-- \/ Yoast SEO plugin. -->","yoast_head_json":{"title":"Normas - Flinger","robots":{"index":"index","follow":"follow","max-snippet":"max-snippet:-1","max-image-preview":"max-image-preview:large","max-video-preview":"max-video-preview:-1"},"canonical":"https:\/\/flinger.org\/es\/rules\/","og_locale":"es_ES","og_type":"article","og_title":"Rules - Flinger","og_description":"Flinger allows you to chat with our random chat tool, free of charge and without registration. Our mission is to be a similar service to Omegle where you can have fun and enjoy your time. Respecting the rules and regulations for our video chat is very important. All of the following activities are prohibited on [&hellip;]","og_url":"https:\/\/flinger.org\/es\/rules\/","og_site_name":"Flinger","article_modified_time":"2022-04-11T07:51:56+00:00","twitter_card":"summary_large_image","twitter_misc":{"Tiempo de lectura":"2 minutos"},"schema":{"@context":"https:\/\/schema.org","@graph":[{"@type":"WebPage","@id":"https:\/\/flinger.org\/rules\/","url":"https:\/\/flinger.org\/rules\/","name":"Normas - Flinger","isPartOf":{"@id":"https:\/\/flinger.org\/#website"},"datePublished":"2022-04-11T07:50:46+00:00","dateModified":"2022-04-11T07:51:56+00:00","breadcrumb":{"@id":"https:\/\/flinger.org\/rules\/#breadcrumb"},"inLanguage":"es","potentialAction":[{"@type":"ReadAction","target":["https:\/\/flinger.org\/rules\/"]}]},{"@type":"BreadcrumbList","@id":"https:\/\/flinger.org\/rules\/#breadcrumb","itemListElement":[{"@type":"ListItem","position":1,"name":"Home","item":"https:\/\/flinger.org\/"},{"@type":"ListItem","position":2,"name":"Rules"}]},{"@type":"WebSite","@id":"https:\/\/flinger.org\/#website","url":"https:\/\/flinger.org\/","name":"Flinger","description":"","potentialAction":[{"@type":"SearchAction","target":{"@type":"EntryPoint","urlTemplate":"https:\/\/flinger.org\/?s={search_term_string}"},"query-input":{"@type":"PropertyValueSpecification","valueRequired":true,"valueName":"search_term_string"}}],"inLanguage":"es"}]}},"_links":{"self":[{"href":"https:\/\/flinger.org\/es\/wp-json\/wp\/v2\/pages\/106","targetHints":{"allow":["GET"]}}],"collection":[{"href":"https:\/\/flinger.org\/es\/wp-json\/wp\/v2\/pages"}],"about":[{"href":"https:\/\/flinger.org\/es\/wp-json\/wp\/v2\/types\/page"}],"author":[{"embeddable":true,"href":"https:\/\/flinger.org\/es\/wp-json\/wp\/v2\/users\/1"}],"replies":[{"embeddable":true,"href":"https:\/\/flinger.org\/es\/wp-json\/wp\/v2\/comments?post=106"}],"version-history":[{"count":3,"href":"https:\/\/flinger.org\/es\/wp-json\/wp\/v2\/pages\/106\/revisions"}],"predecessor-version":[{"id":109,"href":"https:\/\/flinger.org\/es\/wp-json\/wp\/v2\/pages\/106\/revisions\/109"}],"wp:attachment":[{"href":"https:\/\/flinger.org\/es\/wp-json\/wp\/v2\/media?parent=106"}],"curies":[{"name":"wp","href":"https:\/\/api.w.org\/{rel}","templated":true}]}}