{"id":106,"date":"2022-04-11T09:50:46","date_gmt":"2022-04-11T07:50:46","guid":{"rendered":"https:\/\/flinger.org\/?page_id=106"},"modified":"2022-04-11T09:51:56","modified_gmt":"2022-04-11T07:51:56","slug":"rules","status":"publish","type":"page","link":"https:\/\/flinger.org\/fr\/rules\/","title":{"rendered":"R\u00e8gles"},"content":{"rendered":"<p><a href=\"https:\/\/flinger.org\/fr\">Flinger<\/a> vous permet de <a href=\"https:\/\/flinger.org\/fr\/sex-chatrooms\/\">chat<\/a> avec notre outil de chat al\u00e9atoire, gratuitement et sans inscription. Notre mission est d'\u00eatre un service similaire \u00e0 Omegle o\u00f9 vous pouvez vous amuser et profiter de votre temps. Il est tr\u00e8s important de respecter les r\u00e8gles et r\u00e8glements de notre chat vid\u00e9o.<\/p>\n<h3>Toutes les activit\u00e9s suivantes sont interdites sur Flinger.<\/h3>\n<ul>\n<li>Utiliser Flinger en dessous de l'\u00e2ge de 18 ans.<\/li>\n<li>Diffuser des propos vulgaires, sexuels ou d\u00e9pressifs.<\/li>\n<li>D\u00e9grader une autre personne en raison de sa religion, de sa race, de son sexe, de son orientation sexuelle ou de son \u00e2ge.<\/li>\n<li>Harceler ou manquer de respect envers les autres utilisateurs.<\/li>\n<li>Il est interdit de montrer sa poitrine nue sans qu'un visage soit pr\u00e9sent sur l'\u00e9cran.<\/li>\n<li>Chattez en vid\u00e9o compl\u00e8tement nu ou en sous-v\u00eatements.<\/li>\n<li>Demander ou forcer des rapports sexuels virtuels.<\/li>\n<li>Montrez vos parties intimes devant la cam\u00e9ra.<\/li>\n<li>Toucher ses parties intimes et les montrer \u00e0 la cam\u00e9ra.<\/li>\n<li>Mise au point de la cam\u00e9ra sous votre poitrine.<\/li>\n<li>Affichage d'un message texte sur l'\u00e9cran vid\u00e9o pour orienter les utilisateurs.<\/li>\n<li>Affichage d'une image sur l'\u00e9cran vid\u00e9o pour orienter les utilisateurs.<\/li>\n<li>Affichage de l'\u00e9cran de votre ordinateur pour les utilisateurs directs.<\/li>\n<li>Utilisation d'un \u00e9mulateur de webcam pour diriger les utilisateurs.<\/li>\n<li>Affichage de toute publicit\u00e9 vid\u00e9o\/image\/texte.<\/li>\n<li>Demander aux utilisateurs de Flinger des votes sur n'importe quelle URL ou pour promouvoir vos produits.<\/li>\n<li>Utilisation du site web pour promouvoir ou faciliter la traite des \u00eatres humains, le trafic sexuel, les abus physiques ou la prostitution.<\/li>\n<\/ul>\n<h4>Plaintes<\/h4>\n<p>Vous pouvez d\u00e9poser une plainte contre n'importe qui sur Flinger si vous pensez qu'il enfreint nos r\u00e8gles. L'envoi d'une capture d'\u00e9cran avec votre plainte nous permettra d'agir plus facilement et plus rapidement. Nous prendrons rapidement des mesures contre ces utilisateurs.<\/p>\n<p>Si de nombreuses plaintes sont d\u00e9pos\u00e9es contre un utilisateur sp\u00e9cifique, notre syst\u00e8me lui interdira l'acc\u00e8s au site web de Flinger.<\/p>\n<p>Nous prenons en compte de nombreux faits avant d'interdire \u00e0 quiconque l'acc\u00e8s \u00e0 Flinger.com. Flinger n'a pas la responsabilit\u00e9 exclusive de contr\u00f4ler les spams et autres activit\u00e9s vulgaires. Nous demandons \u00e9galement votre coop\u00e9ration, en tant qu'utilisateur. Nous ne pouvons pas retirer les contrevenants de Flinger sans votre soutien. Nous vous promettons de rendre ce service de chat \"cam-to-cam\" plus agr\u00e9able et plus amusant avec votre soutien.<\/p>","protected":false},"excerpt":{"rendered":"<p>Flinger vous permet de chatter avec notre outil de chat al\u00e9atoire, gratuitement et sans inscription. Notre mission est d'\u00eatre un service similaire \u00e0 Omegle o\u00f9 vous pouvez vous amuser et profiter de votre temps. Il est tr\u00e8s important de respecter les r\u00e8gles et r\u00e8glements de notre chat vid\u00e9o. Toutes les activit\u00e9s suivantes sont interdites sur [...]<\/p>","protected":false},"author":1,"featured_media":0,"parent":0,"menu_order":0,"comment_status":"closed","ping_status":"closed","template":"","meta":{"footnotes":""},"class_list":["post-106","page","type-page","status-publish","hentry"],"yoast_head":"<!-- This site is optimized with the Yoast SEO plugin v25.8 - https:\/\/yoast.com\/wordpress\/plugins\/seo\/ -->\n<title>Rules - Flinger<\/title>\n<meta name=\"robots\" content=\"index, follow, max-snippet:-1, max-image-preview:large, max-video-preview:-1\" \/>\n<link rel=\"canonical\" href=\"https:\/\/flinger.org\/fr\/rules\/\" \/>\n<meta property=\"og:locale\" content=\"fr_FR\" \/>\n<meta property=\"og:type\" content=\"article\" \/>\n<meta property=\"og:title\" content=\"Rules - Flinger\" \/>\n<meta property=\"og:description\" content=\"Flinger allows you to chat with our random chat tool, free of charge and without registration. Our mission is to be a similar service to Omegle where you can have fun and enjoy your time. Respecting the rules and regulations for our video chat is very important. All of the following activities are prohibited on [&hellip;]\" \/>\n<meta property=\"og:url\" content=\"https:\/\/flinger.org\/fr\/rules\/\" \/>\n<meta property=\"og:site_name\" content=\"Flinger\" \/>\n<meta property=\"article:modified_time\" content=\"2022-04-11T07:51:56+00:00\" \/>\n<meta name=\"twitter:card\" content=\"summary_large_image\" \/>\n<meta name=\"twitter:label1\" content=\"Dur\u00e9e de lecture estim\u00e9e\" \/>\n\t<meta name=\"twitter:data1\" content=\"2 minutes\" \/>\n<script type=\"application\/ld+json\" class=\"yoast-schema-graph\">{\"@context\":\"https:\/\/schema.org\",\"@graph\":[{\"@type\":\"WebPage\",\"@id\":\"https:\/\/flinger.org\/rules\/\",\"url\":\"https:\/\/flinger.org\/rules\/\",\"name\":\"Rules - Flinger\",\"isPartOf\":{\"@id\":\"https:\/\/flinger.org\/#website\"},\"datePublished\":\"2022-04-11T07:50:46+00:00\",\"dateModified\":\"2022-04-11T07:51:56+00:00\",\"breadcrumb\":{\"@id\":\"https:\/\/flinger.org\/rules\/#breadcrumb\"},\"inLanguage\":\"fr-FR\",\"potentialAction\":[{\"@type\":\"ReadAction\",\"target\":[\"https:\/\/flinger.org\/rules\/\"]}]},{\"@type\":\"BreadcrumbList\",\"@id\":\"https:\/\/flinger.org\/rules\/#breadcrumb\",\"itemListElement\":[{\"@type\":\"ListItem\",\"position\":1,\"name\":\"Home\",\"item\":\"https:\/\/flinger.org\/\"},{\"@type\":\"ListItem\",\"position\":2,\"name\":\"Rules\"}]},{\"@type\":\"WebSite\",\"@id\":\"https:\/\/flinger.org\/#website\",\"url\":\"https:\/\/flinger.org\/\",\"name\":\"Flinger\",\"description\":\"\",\"potentialAction\":[{\"@type\":\"SearchAction\",\"target\":{\"@type\":\"EntryPoint\",\"urlTemplate\":\"https:\/\/flinger.org\/?s={search_term_string}\"},\"query-input\":{\"@type\":\"PropertyValueSpecification\",\"valueRequired\":true,\"valueName\":\"search_term_string\"}}],\"inLanguage\":\"fr-FR\"}]}<\/script>\n<!-- \/ Yoast SEO plugin. -->","yoast_head_json":{"title":"R\u00e8gles - Flinger","robots":{"index":"index","follow":"follow","max-snippet":"max-snippet:-1","max-image-preview":"max-image-preview:large","max-video-preview":"max-video-preview:-1"},"canonical":"https:\/\/flinger.org\/fr\/rules\/","og_locale":"fr_FR","og_type":"article","og_title":"Rules - Flinger","og_description":"Flinger allows you to chat with our random chat tool, free of charge and without registration. Our mission is to be a similar service to Omegle where you can have fun and enjoy your time. Respecting the rules and regulations for our video chat is very important. All of the following activities are prohibited on [&hellip;]","og_url":"https:\/\/flinger.org\/fr\/rules\/","og_site_name":"Flinger","article_modified_time":"2022-04-11T07:51:56+00:00","twitter_card":"summary_large_image","twitter_misc":{"Dur\u00e9e de lecture estim\u00e9e":"2 minutes"},"schema":{"@context":"https:\/\/schema.org","@graph":[{"@type":"WebPage","@id":"https:\/\/flinger.org\/rules\/","url":"https:\/\/flinger.org\/rules\/","name":"R\u00e8gles - Flinger","isPartOf":{"@id":"https:\/\/flinger.org\/#website"},"datePublished":"2022-04-11T07:50:46+00:00","dateModified":"2022-04-11T07:51:56+00:00","breadcrumb":{"@id":"https:\/\/flinger.org\/rules\/#breadcrumb"},"inLanguage":"fr-FR","potentialAction":[{"@type":"ReadAction","target":["https:\/\/flinger.org\/rules\/"]}]},{"@type":"BreadcrumbList","@id":"https:\/\/flinger.org\/rules\/#breadcrumb","itemListElement":[{"@type":"ListItem","position":1,"name":"Home","item":"https:\/\/flinger.org\/"},{"@type":"ListItem","position":2,"name":"Rules"}]},{"@type":"WebSite","@id":"https:\/\/flinger.org\/#website","url":"https:\/\/flinger.org\/","name":"Flinger","description":"","potentialAction":[{"@type":"SearchAction","target":{"@type":"EntryPoint","urlTemplate":"https:\/\/flinger.org\/?s={search_term_string}"},"query-input":{"@type":"PropertyValueSpecification","valueRequired":true,"valueName":"search_term_string"}}],"inLanguage":"fr-FR"}]}},"_links":{"self":[{"href":"https:\/\/flinger.org\/fr\/wp-json\/wp\/v2\/pages\/106","targetHints":{"allow":["GET"]}}],"collection":[{"href":"https:\/\/flinger.org\/fr\/wp-json\/wp\/v2\/pages"}],"about":[{"href":"https:\/\/flinger.org\/fr\/wp-json\/wp\/v2\/types\/page"}],"author":[{"embeddable":true,"href":"https:\/\/flinger.org\/fr\/wp-json\/wp\/v2\/users\/1"}],"replies":[{"embeddable":true,"href":"https:\/\/flinger.org\/fr\/wp-json\/wp\/v2\/comments?post=106"}],"version-history":[{"count":3,"href":"https:\/\/flinger.org\/fr\/wp-json\/wp\/v2\/pages\/106\/revisions"}],"predecessor-version":[{"id":109,"href":"https:\/\/flinger.org\/fr\/wp-json\/wp\/v2\/pages\/106\/revisions\/109"}],"wp:attachment":[{"href":"https:\/\/flinger.org\/fr\/wp-json\/wp\/v2\/media?parent=106"}],"curies":[{"name":"wp","href":"https:\/\/api.w.org\/{rel}","templated":true}]}}