{"id":106,"date":"2022-04-11T09:50:46","date_gmt":"2022-04-11T07:50:46","guid":{"rendered":"https:\/\/flinger.org\/?page_id=106"},"modified":"2022-04-11T09:51:56","modified_gmt":"2022-04-11T07:51:56","slug":"rules","status":"publish","type":"page","link":"https:\/\/flinger.org\/it\/rules\/","title":{"rendered":"Regole"},"content":{"rendered":"<p><a href=\"https:\/\/flinger.org\/it\">Flinger<\/a> consente di <a href=\"https:\/\/flinger.org\/it\/sex-chatrooms\/\">chat<\/a> con il nostro strumento di chat casuale, gratuito e senza registrazione. La nostra missione \u00e8 quella di essere un servizio simile a quello di Omegle, dove puoi divertirti e goderti il tuo tempo. Rispettare le regole e i regolamenti della nostra video chat \u00e8 molto importante.<\/p>\n<h3>Tutte le seguenti attivit\u00e0 sono vietate sull'Flinger.<\/h3>\n<ul>\n<li>Utilizzo dell'Flinger al di sotto dei 18 anni.<\/li>\n<li>Diffondere volgarit\u00e0, sessualit\u00e0 o commenti depressivi.<\/li>\n<li>Degradare un'altra persona sulla base della sua religione, razza, sesso, orientamento sessuale o et\u00e0.<\/li>\n<li>Molestare o mancare di rispetto ad altri utenti.<\/li>\n<li>\u00c8 vietato mostrare il petto nudo senza che sullo schermo sia presente un volto.<\/li>\n<li>Videochiamate completamente nudi o in biancheria intima.<\/li>\n<li>Chiedere o forzare il sesso virtuale.<\/li>\n<li>Mostrare le parti intime mentre si \u00e8 ripresi.<\/li>\n<li>Toccare le parti intime e mostrarle alla telecamera.<\/li>\n<li>Mettere a fuoco la telecamera sotto il petto.<\/li>\n<li>Visualizzazione di un messaggio di testo sullo schermo video per indirizzare gli utenti.<\/li>\n<li>Visualizzazione di un'immagine sullo schermo video per indirizzare gli utenti.<\/li>\n<li>Visualizzazione dello schermo del computer agli utenti diretti.<\/li>\n<li>Utilizzo di un emulatore di webcam per indirizzare gli utenti.<\/li>\n<li>Visualizzazione di qualsiasi video\/immagine\/testo pubblicitario.<\/li>\n<li>Chiedere agli utenti di Flinger di votare qualsiasi URL o di promuovere i propri prodotti.<\/li>\n<li>L'uso del sito web per promuovere o facilitare il traffico di esseri umani, il traffico sessuale, l'abuso fisico o la prostituzione.<\/li>\n<\/ul>\n<h4>Reclami<\/h4>\n<p>\u00c8 possibile presentare un reclamo contro chiunque su Flinger se si ritiene che stia violando le nostre regole. L'invio di uno screenshot con il reclamo render\u00e0 pi\u00f9 facile e veloce l'azione da parte nostra. Prenderemo rapidamente provvedimenti contro tali utenti.<\/p>\n<p>Se ci sono molti reclami contro un determinato utente, il nostro sistema gli vieter\u00e0 l'accesso al sito web Flinger.<\/p>\n<p>Prima di impedire a qualcuno di accedere a Flinger.com, prendiamo in considerazione molti fatti. Flinger non ha la responsabilit\u00e0 esclusiva di controllare lo spam e altre attivit\u00e0 volgari. Chiediamo anche la vostra collaborazione, in quanto utenti. Non possiamo rimuovere i trasgressori da Flinger senza il vostro sostegno. Promettiamo di rendere questo servizio di chat cam-to-cam pi\u00f9 piacevole e divertente con il vostro supporto.<\/p>","protected":false},"excerpt":{"rendered":"<p>Flinger ti permette di chattare con il nostro strumento di chat casuale, gratuitamente e senza registrazione. La nostra missione \u00e8 quella di essere un servizio simile a Omegle, dove ci si pu\u00f2 divertire e trascorrere il tempo. Rispettare le regole e i regolamenti della nostra video chat \u00e8 molto importante. Tutte le seguenti attivit\u00e0 sono vietate su [...]<\/p>","protected":false},"author":1,"featured_media":0,"parent":0,"menu_order":0,"comment_status":"closed","ping_status":"closed","template":"","meta":{"footnotes":""},"class_list":["post-106","page","type-page","status-publish","hentry"],"yoast_head":"<!-- This site is optimized with the Yoast SEO plugin v25.8 - https:\/\/yoast.com\/wordpress\/plugins\/seo\/ -->\n<title>Rules - Flinger<\/title>\n<meta name=\"robots\" content=\"index, follow, max-snippet:-1, max-image-preview:large, max-video-preview:-1\" \/>\n<link rel=\"canonical\" href=\"https:\/\/flinger.org\/it\/rules\/\" \/>\n<meta property=\"og:locale\" content=\"it_IT\" \/>\n<meta property=\"og:type\" content=\"article\" \/>\n<meta property=\"og:title\" content=\"Rules - Flinger\" \/>\n<meta property=\"og:description\" content=\"Flinger allows you to chat with our random chat tool, free of charge and without registration. Our mission is to be a similar service to Omegle where you can have fun and enjoy your time. Respecting the rules and regulations for our video chat is very important. All of the following activities are prohibited on [&hellip;]\" \/>\n<meta property=\"og:url\" content=\"https:\/\/flinger.org\/it\/rules\/\" \/>\n<meta property=\"og:site_name\" content=\"Flinger\" \/>\n<meta property=\"article:modified_time\" content=\"2022-04-11T07:51:56+00:00\" \/>\n<meta name=\"twitter:card\" content=\"summary_large_image\" \/>\n<meta name=\"twitter:label1\" content=\"Tempo di lettura stimato\" \/>\n\t<meta name=\"twitter:data1\" content=\"2 minuti\" \/>\n<script type=\"application\/ld+json\" class=\"yoast-schema-graph\">{\"@context\":\"https:\/\/schema.org\",\"@graph\":[{\"@type\":\"WebPage\",\"@id\":\"https:\/\/flinger.org\/rules\/\",\"url\":\"https:\/\/flinger.org\/rules\/\",\"name\":\"Rules - Flinger\",\"isPartOf\":{\"@id\":\"https:\/\/flinger.org\/#website\"},\"datePublished\":\"2022-04-11T07:50:46+00:00\",\"dateModified\":\"2022-04-11T07:51:56+00:00\",\"breadcrumb\":{\"@id\":\"https:\/\/flinger.org\/rules\/#breadcrumb\"},\"inLanguage\":\"it-IT\",\"potentialAction\":[{\"@type\":\"ReadAction\",\"target\":[\"https:\/\/flinger.org\/rules\/\"]}]},{\"@type\":\"BreadcrumbList\",\"@id\":\"https:\/\/flinger.org\/rules\/#breadcrumb\",\"itemListElement\":[{\"@type\":\"ListItem\",\"position\":1,\"name\":\"Home\",\"item\":\"https:\/\/flinger.org\/\"},{\"@type\":\"ListItem\",\"position\":2,\"name\":\"Rules\"}]},{\"@type\":\"WebSite\",\"@id\":\"https:\/\/flinger.org\/#website\",\"url\":\"https:\/\/flinger.org\/\",\"name\":\"Flinger\",\"description\":\"\",\"potentialAction\":[{\"@type\":\"SearchAction\",\"target\":{\"@type\":\"EntryPoint\",\"urlTemplate\":\"https:\/\/flinger.org\/?s={search_term_string}\"},\"query-input\":{\"@type\":\"PropertyValueSpecification\",\"valueRequired\":true,\"valueName\":\"search_term_string\"}}],\"inLanguage\":\"it-IT\"}]}<\/script>\n<!-- \/ Yoast SEO plugin. -->","yoast_head_json":{"title":"Regole - Flinger","robots":{"index":"index","follow":"follow","max-snippet":"max-snippet:-1","max-image-preview":"max-image-preview:large","max-video-preview":"max-video-preview:-1"},"canonical":"https:\/\/flinger.org\/it\/rules\/","og_locale":"it_IT","og_type":"article","og_title":"Rules - Flinger","og_description":"Flinger allows you to chat with our random chat tool, free of charge and without registration. Our mission is to be a similar service to Omegle where you can have fun and enjoy your time. Respecting the rules and regulations for our video chat is very important. All of the following activities are prohibited on [&hellip;]","og_url":"https:\/\/flinger.org\/it\/rules\/","og_site_name":"Flinger","article_modified_time":"2022-04-11T07:51:56+00:00","twitter_card":"summary_large_image","twitter_misc":{"Tempo di lettura stimato":"2 minuti"},"schema":{"@context":"https:\/\/schema.org","@graph":[{"@type":"WebPage","@id":"https:\/\/flinger.org\/rules\/","url":"https:\/\/flinger.org\/rules\/","name":"Regole - Flinger","isPartOf":{"@id":"https:\/\/flinger.org\/#website"},"datePublished":"2022-04-11T07:50:46+00:00","dateModified":"2022-04-11T07:51:56+00:00","breadcrumb":{"@id":"https:\/\/flinger.org\/rules\/#breadcrumb"},"inLanguage":"it-IT","potentialAction":[{"@type":"ReadAction","target":["https:\/\/flinger.org\/rules\/"]}]},{"@type":"BreadcrumbList","@id":"https:\/\/flinger.org\/rules\/#breadcrumb","itemListElement":[{"@type":"ListItem","position":1,"name":"Home","item":"https:\/\/flinger.org\/"},{"@type":"ListItem","position":2,"name":"Rules"}]},{"@type":"WebSite","@id":"https:\/\/flinger.org\/#website","url":"https:\/\/flinger.org\/","name":"Flinger","description":"","potentialAction":[{"@type":"SearchAction","target":{"@type":"EntryPoint","urlTemplate":"https:\/\/flinger.org\/?s={search_term_string}"},"query-input":{"@type":"PropertyValueSpecification","valueRequired":true,"valueName":"search_term_string"}}],"inLanguage":"it-IT"}]}},"_links":{"self":[{"href":"https:\/\/flinger.org\/it\/wp-json\/wp\/v2\/pages\/106","targetHints":{"allow":["GET"]}}],"collection":[{"href":"https:\/\/flinger.org\/it\/wp-json\/wp\/v2\/pages"}],"about":[{"href":"https:\/\/flinger.org\/it\/wp-json\/wp\/v2\/types\/page"}],"author":[{"embeddable":true,"href":"https:\/\/flinger.org\/it\/wp-json\/wp\/v2\/users\/1"}],"replies":[{"embeddable":true,"href":"https:\/\/flinger.org\/it\/wp-json\/wp\/v2\/comments?post=106"}],"version-history":[{"count":3,"href":"https:\/\/flinger.org\/it\/wp-json\/wp\/v2\/pages\/106\/revisions"}],"predecessor-version":[{"id":109,"href":"https:\/\/flinger.org\/it\/wp-json\/wp\/v2\/pages\/106\/revisions\/109"}],"wp:attachment":[{"href":"https:\/\/flinger.org\/it\/wp-json\/wp\/v2\/media?parent=106"}],"curies":[{"name":"wp","href":"https:\/\/api.w.org\/{rel}","templated":true}]}}