{"id":106,"date":"2022-04-11T09:50:46","date_gmt":"2022-04-11T07:50:46","guid":{"rendered":"https:\/\/flinger.org\/?page_id=106"},"modified":"2022-04-11T09:51:56","modified_gmt":"2022-04-11T07:51:56","slug":"rules","status":"publish","type":"page","link":"https:\/\/flinger.org\/pt\/rules\/","title":{"rendered":"Regras"},"content":{"rendered":"<p><a href=\"https:\/\/flinger.org\/pt\">Flinger<\/a> permite <a href=\"https:\/\/flinger.org\/pt\/sex-chatrooms\/\">chat<\/a> com a nossa ferramenta de chat aleat\u00f3rio, gratuitamente e sem registo. A nossa miss\u00e3o \u00e9 ser um servi\u00e7o semelhante ao Omegle onde se pode divertir e desfrutar do seu tempo. Respeitar as regras e regulamentos do nosso chat v\u00eddeo \u00e9 muito importante.<\/p>\n<h3>Todas as actividades seguintes s\u00e3o proibidas no Flinger.<\/h3>\n<ul>\n<li>Usando Flinger abaixo dos 18 anos de idade.<\/li>\n<li>Espalhar vulgaridade, sexualidade, ou coment\u00e1rios depressivos.<\/li>\n<li>Degradar outra pessoa com base na sua religi\u00e3o, ra\u00e7a, sexo, orienta\u00e7\u00e3o sexual, e ou idade.<\/li>\n<li>Assediar ou mostrar desrespeito para com outros utilizadores.<\/li>\n<li>\u00c9 proibido mostrar o peito nu sem um rosto presente no ecr\u00e3.<\/li>\n<li>Video chat completamente nuas ou em roupa interior.<\/li>\n<li>Pedir, ou for\u00e7ar o sexo virtual.<\/li>\n<li>Mostre as suas partes privadas enquanto est\u00e1 a ser filmado.<\/li>\n<li>Tocar nas suas partes privadas e mostr\u00e1-las perante as c\u00e2maras.<\/li>\n<li>Focalizar a c\u00e2mara por baixo do peito.<\/li>\n<li>Exibi\u00e7\u00e3o de uma mensagem de texto no ecr\u00e3 de v\u00eddeo para orientar os utilizadores.<\/li>\n<li>Exibi\u00e7\u00e3o de uma imagem no ecr\u00e3 de v\u00eddeo para orientar os utilizadores.<\/li>\n<li>Mostrar o ecr\u00e3 do seu computador para orientar os utilizadores.<\/li>\n<li>Utiliza\u00e7\u00e3o de um emulador de webcam para orientar os utilizadores.<\/li>\n<li>Exibi\u00e7\u00e3o de qualquer an\u00fancio de v\u00eddeo\/imagem\/texto.<\/li>\n<li>Pedir votos a utilizadores do Flinger em qualquer URL ou para promover os seus produtos.<\/li>\n<li>Utiliza\u00e7\u00e3o do website para promover ou facilitar o tr\u00e1fico humano, tr\u00e1fico sexual, abuso f\u00edsico, ou prostitui\u00e7\u00e3o.<\/li>\n<\/ul>\n<h4>Reclama\u00e7\u00f5es<\/h4>\n<p>Pode apresentar uma queixa contra qualquer pessoa no Flinger se acreditar que est\u00e1 a violar as nossas regras. O envio de um screenshot com a sua queixa facilitar\u00e1 e acelerar\u00e1 a nossa ac\u00e7\u00e3o. Tomaremos rapidamente medidas contra tais utilizadores.<\/p>\n<p>Se houver muitas queixas contra um utilizador espec\u00edfico, o nosso sistema proibir\u00e1 esse utilizador de aceder ao s\u00edtio web do Flinger.<\/p>\n<p>Consideramos muitos factos antes de impedirmos qualquer pessoa de aceder ao Flinger.com. O Flinger n\u00e3o tem a responsabilidade exclusiva de controlar o spam e outras actividades vulgares. Pedimos tamb\u00e9m a sua coopera\u00e7\u00e3o, como utilizador. N\u00e3o podemos remover quaisquer violadores do Flinger sem o seu apoio. Prometemos tornar este servi\u00e7o de chat cam-to-cam mais agrad\u00e1vel e divertido com o seu apoio.<\/p>","protected":false},"excerpt":{"rendered":"<p>O Flinger permite-lhe conversar com a nossa ferramenta de chat aleat\u00f3rio, gratuitamente e sem registo. A nossa miss\u00e3o \u00e9 ser um servi\u00e7o semelhante ao Omegle onde se pode divertir e desfrutar do seu tempo. Respeitar as regras e regulamentos do nosso chat v\u00eddeo \u00e9 muito importante. Todas as seguintes actividades s\u00e3o proibidas em [...].<\/p>","protected":false},"author":1,"featured_media":0,"parent":0,"menu_order":0,"comment_status":"closed","ping_status":"closed","template":"","meta":{"footnotes":""},"class_list":["post-106","page","type-page","status-publish","hentry"],"yoast_head":"<!-- This site is optimized with the Yoast SEO plugin v25.8 - https:\/\/yoast.com\/wordpress\/plugins\/seo\/ -->\n<title>Rules - Flinger<\/title>\n<meta name=\"robots\" content=\"index, follow, max-snippet:-1, max-image-preview:large, max-video-preview:-1\" \/>\n<link rel=\"canonical\" href=\"https:\/\/flinger.org\/pt\/rules\/\" \/>\n<meta property=\"og:locale\" content=\"pt_PT\" \/>\n<meta property=\"og:type\" content=\"article\" \/>\n<meta property=\"og:title\" content=\"Rules - Flinger\" \/>\n<meta property=\"og:description\" content=\"Flinger allows you to chat with our random chat tool, free of charge and without registration. Our mission is to be a similar service to Omegle where you can have fun and enjoy your time. Respecting the rules and regulations for our video chat is very important. All of the following activities are prohibited on [&hellip;]\" \/>\n<meta property=\"og:url\" content=\"https:\/\/flinger.org\/pt\/rules\/\" \/>\n<meta property=\"og:site_name\" content=\"Flinger\" \/>\n<meta property=\"article:modified_time\" content=\"2022-04-11T07:51:56+00:00\" \/>\n<meta name=\"twitter:card\" content=\"summary_large_image\" \/>\n<meta name=\"twitter:label1\" content=\"Tempo estimado de leitura\" \/>\n\t<meta name=\"twitter:data1\" content=\"2 minutos\" \/>\n<script type=\"application\/ld+json\" class=\"yoast-schema-graph\">{\"@context\":\"https:\/\/schema.org\",\"@graph\":[{\"@type\":\"WebPage\",\"@id\":\"https:\/\/flinger.org\/rules\/\",\"url\":\"https:\/\/flinger.org\/rules\/\",\"name\":\"Rules - Flinger\",\"isPartOf\":{\"@id\":\"https:\/\/flinger.org\/#website\"},\"datePublished\":\"2022-04-11T07:50:46+00:00\",\"dateModified\":\"2022-04-11T07:51:56+00:00\",\"breadcrumb\":{\"@id\":\"https:\/\/flinger.org\/rules\/#breadcrumb\"},\"inLanguage\":\"pt-PT\",\"potentialAction\":[{\"@type\":\"ReadAction\",\"target\":[\"https:\/\/flinger.org\/rules\/\"]}]},{\"@type\":\"BreadcrumbList\",\"@id\":\"https:\/\/flinger.org\/rules\/#breadcrumb\",\"itemListElement\":[{\"@type\":\"ListItem\",\"position\":1,\"name\":\"Home\",\"item\":\"https:\/\/flinger.org\/\"},{\"@type\":\"ListItem\",\"position\":2,\"name\":\"Rules\"}]},{\"@type\":\"WebSite\",\"@id\":\"https:\/\/flinger.org\/#website\",\"url\":\"https:\/\/flinger.org\/\",\"name\":\"Flinger\",\"description\":\"\",\"potentialAction\":[{\"@type\":\"SearchAction\",\"target\":{\"@type\":\"EntryPoint\",\"urlTemplate\":\"https:\/\/flinger.org\/?s={search_term_string}\"},\"query-input\":{\"@type\":\"PropertyValueSpecification\",\"valueRequired\":true,\"valueName\":\"search_term_string\"}}],\"inLanguage\":\"pt-PT\"}]}<\/script>\n<!-- \/ Yoast SEO plugin. -->","yoast_head_json":{"title":"Regras - Flinger","robots":{"index":"index","follow":"follow","max-snippet":"max-snippet:-1","max-image-preview":"max-image-preview:large","max-video-preview":"max-video-preview:-1"},"canonical":"https:\/\/flinger.org\/pt\/rules\/","og_locale":"pt_PT","og_type":"article","og_title":"Rules - Flinger","og_description":"Flinger allows you to chat with our random chat tool, free of charge and without registration. Our mission is to be a similar service to Omegle where you can have fun and enjoy your time. Respecting the rules and regulations for our video chat is very important. All of the following activities are prohibited on [&hellip;]","og_url":"https:\/\/flinger.org\/pt\/rules\/","og_site_name":"Flinger","article_modified_time":"2022-04-11T07:51:56+00:00","twitter_card":"summary_large_image","twitter_misc":{"Tempo estimado de leitura":"2 minutos"},"schema":{"@context":"https:\/\/schema.org","@graph":[{"@type":"WebPage","@id":"https:\/\/flinger.org\/rules\/","url":"https:\/\/flinger.org\/rules\/","name":"Regras - Flinger","isPartOf":{"@id":"https:\/\/flinger.org\/#website"},"datePublished":"2022-04-11T07:50:46+00:00","dateModified":"2022-04-11T07:51:56+00:00","breadcrumb":{"@id":"https:\/\/flinger.org\/rules\/#breadcrumb"},"inLanguage":"pt-PT","potentialAction":[{"@type":"ReadAction","target":["https:\/\/flinger.org\/rules\/"]}]},{"@type":"BreadcrumbList","@id":"https:\/\/flinger.org\/rules\/#breadcrumb","itemListElement":[{"@type":"ListItem","position":1,"name":"Home","item":"https:\/\/flinger.org\/"},{"@type":"ListItem","position":2,"name":"Rules"}]},{"@type":"WebSite","@id":"https:\/\/flinger.org\/#website","url":"https:\/\/flinger.org\/","name":"Flinger","description":"","potentialAction":[{"@type":"SearchAction","target":{"@type":"EntryPoint","urlTemplate":"https:\/\/flinger.org\/?s={search_term_string}"},"query-input":{"@type":"PropertyValueSpecification","valueRequired":true,"valueName":"search_term_string"}}],"inLanguage":"pt-PT"}]}},"_links":{"self":[{"href":"https:\/\/flinger.org\/pt\/wp-json\/wp\/v2\/pages\/106","targetHints":{"allow":["GET"]}}],"collection":[{"href":"https:\/\/flinger.org\/pt\/wp-json\/wp\/v2\/pages"}],"about":[{"href":"https:\/\/flinger.org\/pt\/wp-json\/wp\/v2\/types\/page"}],"author":[{"embeddable":true,"href":"https:\/\/flinger.org\/pt\/wp-json\/wp\/v2\/users\/1"}],"replies":[{"embeddable":true,"href":"https:\/\/flinger.org\/pt\/wp-json\/wp\/v2\/comments?post=106"}],"version-history":[{"count":3,"href":"https:\/\/flinger.org\/pt\/wp-json\/wp\/v2\/pages\/106\/revisions"}],"predecessor-version":[{"id":109,"href":"https:\/\/flinger.org\/pt\/wp-json\/wp\/v2\/pages\/106\/revisions\/109"}],"wp:attachment":[{"href":"https:\/\/flinger.org\/pt\/wp-json\/wp\/v2\/media?parent=106"}],"curies":[{"name":"wp","href":"https:\/\/api.w.org\/{rel}","templated":true}]}}